{"id":76,"date":"2022-03-07T12:43:13","date_gmt":"2022-03-07T09:43:13","guid":{"rendered":"http:\/\/smmmakin.com\/?page_id=76"},"modified":"2022-03-07T15:19:11","modified_gmt":"2022-03-07T12:19:11","slug":"iletisim","status":"publish","type":"page","link":"http:\/\/smmmakin.com\/index.php\/iletisim\/","title":{"rendered":"\u0130LET\u0130\u015e\u0130M"},"content":{"rendered":"\n<figure class=\"wp-block-table\"><table><tbody><tr><td>SERKAN<\/td><td>AKIN<\/td><td>0 (532) 224 06 27<\/td><\/tr><tr><td>S\u0130NAN <\/td><td>\u00d6Z\u00c7EL\u0130K<\/td><td>0 (532) 520 70 74<\/td><\/tr><\/tbody><\/table><\/figure>\n\n\n\n<p><\/p>\n\n\n\n<p><\/p>\n\n\n\n<figure class=\"wp-block-table\"><table><tbody><tr><td>E-MA\u0130L ADRESLER\u0130M\u0130Z<\/td><\/tr><\/tbody><\/table><\/figure>\n\n\n\n<figure class=\"wp-block-table\"><table><tbody><tr><td>SERKAN AKIN<\/td><td>serkan@smmmakin.com<\/td><\/tr><tr><td>S\u0130NAN \u00d6Z\u00c7EL\u0130K<\/td><td>sinan@smmmakin.com<\/td><\/tr><tr><td>U\u011eUR CAN<\/td><td>ugur@smmmakin.com<\/td><\/tr><tr><td>FULYA DO\u011eAN<\/td><td>fulya@smmmakin.com<\/td><\/tr><tr><td>SERP\u0130L KARACAR<\/td><td>serpil@smmmakin.com<\/td><\/tr><\/tbody><\/table><\/figure>\n\n\n\n<div class=\"wp-container-2 wp-block-columns\">\n<div class=\"wp-container-1 wp-block-column\" style=\"flex-basis:100%\">\n<figure class=\"wp-block-table\"><table><tbody><tr><td>ADRES\u0130M\u0130Z<\/td><td>Kemeralt\u0131 Mah. Abdi Karataban Sok. No: 23 \/ Z1   MARMAR\u0130S \/ MU\u011eLA<\/td><\/tr><tr><td>OF\u0130S TEL<\/td><td>0 (252) 413 46 66<\/td><\/tr><\/tbody><\/table><\/figure>\n<\/div>\n<\/div>\n\n\n\n<pre class=\"wp-block-code\"><code><\/code><\/pre>\n\n\n\n<iframe src=\"https:\/\/www.google.com\/maps\/embed?pb=!1m18!1m12!1m3!1d798.1006290856477!2d28.26308782925546!3d36.85678307181401!2m3!1f0!2f0!3f0!3m2!1i1024!2i768!4f13.1!3m3!1m2!1s0x14bfbdcff1e05cf5%3A0x9bce56aba8d99580!2sKemeralt%C4%B1%20Mh%2C%20Abdi%20Karataban%20Sk.%20No%3A23%2C%2048700%20Marmaris%2FMu%C4%9Fla!5e0!3m2!1str!2str!4v1646655362804!5m2!1str!2str\" width=\"800\" height=\"500\" style=\"border:0;\" allowfullscreen=\"\" loading=\"lazy\"><\/iframe>\n","protected":false},"excerpt":{"rendered":"<p>SERKAN AKIN 0 (532) 224 06 27 S\u0130NAN \u00d6Z\u00c7EL\u0130K 0 (532) 520 70 74 E-MA\u0130L ADRESLER\u0130M\u0130Z SERKAN AKIN serkan@smmmakin.com S\u0130NAN \u00d6Z\u00c7EL\u0130K sinan@smmmakin.com U\u011eUR CAN ugur@smmmakin.com FULYA DO\u011eAN fulya@smmmakin.com SERP\u0130L KARACAR serpil@smmmakin.com ADRES\u0130M\u0130Z Kemeralt\u0131 Mah. Abdi Karataban Sok. No: 23 \/ Z1 MARMAR\u0130S \/ MU\u011eLA OF\u0130S TEL 0 (252) 413 46 66<\/p>\n","protected":false},"author":1,"featured_media":0,"parent":0,"menu_order":0,"comment_status":"closed","ping_status":"closed","template":"","meta":[],"_links":{"self":[{"href":"http:\/\/smmmakin.com\/index.php\/wp-json\/wp\/v2\/pages\/76"}],"collection":[{"href":"http:\/\/smmmakin.com\/index.php\/wp-json\/wp\/v2\/pages"}],"about":[{"href":"http:\/\/smmmakin.com\/index.php\/wp-json\/wp\/v2\/types\/page"}],"author":[{"embeddable":true,"href":"http:\/\/smmmakin.com\/index.php\/wp-json\/wp\/v2\/users\/1"}],"replies":[{"embeddable":true,"href":"http:\/\/smmmakin.com\/index.php\/wp-json\/wp\/v2\/comments?post=76"}],"version-history":[{"count":18,"href":"http:\/\/smmmakin.com\/index.php\/wp-json\/wp\/v2\/pages\/76\/revisions"}],"predecessor-version":[{"id":102,"href":"http:\/\/smmmakin.com\/index.php\/wp-json\/wp\/v2\/pages\/76\/revisions\/102"}],"wp:attachment":[{"href":"http:\/\/smmmakin.com\/index.php\/wp-json\/wp\/v2\/media?parent=76"}],"curies":[{"name":"wp","href":"https:\/\/api.w.org\/{rel}","templated":true}]}}